{"id":16260,"date":"2025-03-28T18:18:24","date_gmt":"2025-03-28T18:18:24","guid":{"rendered":"https:\/\/www.addiflex.eu\/?post_type=product&#038;p=16260"},"modified":"2026-02-02T15:36:34","modified_gmt":"2026-02-02T15:36:34","slug":"naslon","status":"publish","type":"product","link":"https:\/\/www.addiflex.eu\/en\/product\/naslon\/","title":{"rendered":"Ergonomic armrest"},"content":{"rendered":"<p><strong>Ergonomic armrest based on cellular structure<\/strong><\/p>\n<p><strong>Dimenzije:<\/strong> 121x94x34 mm<\/p>\n<p><strong>Te\u017ea:<\/strong> 69 g<\/p>\n<p><strong>Material:<\/strong><\/p>\n<ul>\n<li>cellular pad: photopolymer resin with skin contact certificate<\/li>\n<li>base: PETG or recycled PET\/optional PLA (biodegradable starch-based material with lower sustainability)<\/li>\n<\/ul>\n<p>\u017delite prilagojeno barvo in dodan logotip? Pi\u0161ite nam na info@addiflex.eu<\/p>\n<p>&nbsp;<\/p>\n<p>&nbsp;<\/p>","protected":false},"excerpt":{"rendered":"<p>Ergonomski naslon na osnovi celi\u010dnih struktur Dimenzije: 121x94x34 mm Te\u017ea: 69 g Material: celi\u010dno polnilo: fotopolimerna smola s certifikatom za stik s ko\u017eo baza (podstavek): PETG ali reciklirani PET\/opcijsko PLA (biorazgradljiv material na osnovi \u0161kroba z ni\u017ejo vzdr\u017enostjo) \u017delite prilagojeno barvo in dodan logotip? Pi\u0161ite nam na info@addiflex.eu &nbsp; &nbsp;<\/p>","protected":false},"featured_media":16162,"template":"","meta":{"inline_featured_image":false},"product_cat":[121],"product_tag":[],"class_list":{"0":"post-16260","1":"product","2":"type-product","3":"status-publish","4":"has-post-thumbnail","6":"product_cat-ergonomski-izdelki","8":"first","9":"instock","10":"taxable","11":"shipping-taxable","12":"purchasable","13":"product-type-variable"},"jetpack_sharing_enabled":true,"_links":{"self":[{"href":"https:\/\/www.addiflex.eu\/en\/wp-json\/wp\/v2\/product\/16260","targetHints":{"allow":["GET"]}}],"collection":[{"href":"https:\/\/www.addiflex.eu\/en\/wp-json\/wp\/v2\/product"}],"about":[{"href":"https:\/\/www.addiflex.eu\/en\/wp-json\/wp\/v2\/types\/product"}],"wp:featuredmedia":[{"embeddable":true,"href":"https:\/\/www.addiflex.eu\/en\/wp-json\/wp\/v2\/media\/16162"}],"wp:attachment":[{"href":"https:\/\/www.addiflex.eu\/en\/wp-json\/wp\/v2\/media?parent=16260"}],"wp:term":[{"taxonomy":"product_cat","embeddable":true,"href":"https:\/\/www.addiflex.eu\/en\/wp-json\/wp\/v2\/product_cat?post=16260"},{"taxonomy":"product_tag","embeddable":true,"href":"https:\/\/www.addiflex.eu\/en\/wp-json\/wp\/v2\/product_tag?post=16260"}],"curies":[{"name":"wp","href":"https:\/\/api.w.org\/{rel}","templated":true}]}}